{"id":3085,"date":"2022-10-20T11:11:29","date_gmt":"2022-10-20T11:11:29","guid":{"rendered":"https:\/\/rexconsulting-ks.com\/?page_id=3085"},"modified":"2022-12-16T13:36:18","modified_gmt":"2022-12-16T13:36:18","slug":"publikimet-e-zhvillimi-i-politikave-dhe-qeverisja-ekonomike","status":"publish","type":"page","link":"https:\/\/rexconsulting-ks.com\/en\/publikimet-e-zhvillimi-i-politikave-dhe-qeverisja-ekonomike\/","title":{"rendered":"Publications of Economic Policy &amp; Governance"},"content":{"rendered":"<div data-elementor-type=\"wp-page\" data-elementor-id=\"3085\" class=\"elementor elementor-3085\" data-elementor-post-type=\"page\">\n\t\t\t\t\t\t<section class=\"elementor-section elementor-top-section elementor-element elementor-element-98abf37 elementor-section-boxed elementor-section-height-default elementor-section-height-default\" data-id=\"98abf37\" data-element_type=\"section\" data-settings=\"{&quot;background_background&quot;:&quot;classic&quot;}\">\n\t\t\t\t\t\t\t<div class=\"elementor-background-overlay\"><\/div>\n\t\t\t\t\t\t\t<div class=\"elementor-container elementor-column-gap-default\">\n\t\t\t\t\t<div class=\"elementor-column elementor-col-100 elementor-top-column elementor-element elementor-element-e73a902\" data-id=\"e73a902\" data-element_type=\"column\">\n\t\t\t<div class=\"elementor-widget-wrap elementor-element-populated\">\n\t\t\t\t\t\t\t<\/div>\n\t\t<\/div>\n\t\t\t\t\t<\/div>\n\t\t<\/section>\n\t\t\t\t<section class=\"elementor-section elementor-top-section elementor-element elementor-element-37b7f45 elementor-section-boxed elementor-section-height-default elementor-section-height-default\" data-id=\"37b7f45\" data-element_type=\"section\">\n\t\t\t\t\t\t<div class=\"elementor-container elementor-column-gap-default\">\n\t\t\t\t\t<div class=\"elementor-column elementor-col-100 elementor-top-column elementor-element elementor-element-3b03065\" data-id=\"3b03065\" data-element_type=\"column\">\n\t\t\t<div class=\"elementor-widget-wrap elementor-element-populated\">\n\t\t\t\t\t\t<div class=\"elementor-element elementor-element-c8fc118 elementor-widget elementor-widget-heading\" data-id=\"c8fc118\" data-element_type=\"widget\" data-widget_type=\"heading.default\">\n\t\t\t\t<div class=\"elementor-widget-container\">\n\t\t\t\t\t<h2 class=\"elementor-heading-title elementor-size-default\">Publications<\/h2>\t\t\t\t<\/div>\n\t\t\t\t<\/div>\n\t\t\t\t<section class=\"elementor-section elementor-inner-section elementor-element elementor-element-a33156a elementor-section-full_width elementor-section-height-default elementor-section-height-default\" data-id=\"a33156a\" data-element_type=\"section\">\n\t\t\t\t\t\t<div class=\"elementor-container elementor-column-gap-default\">\n\t\t\t\t\t<div class=\"elementor-column elementor-col-33 elementor-inner-column elementor-element elementor-element-2c2d7c8\" data-id=\"2c2d7c8\" data-element_type=\"column\" data-settings=\"{&quot;background_background&quot;:&quot;classic&quot;}\">\n\t\t\t<div class=\"elementor-widget-wrap elementor-element-populated\">\n\t\t\t\t\t\t<div class=\"elementor-element elementor-element-93905e3 elementor-widget elementor-widget-heading\" data-id=\"93905e3\" data-element_type=\"widget\" data-widget_type=\"heading.default\">\n\t\t\t\t<div class=\"elementor-widget-container\">\n\t\t\t\t\t<h2 class=\"elementor-heading-title elementor-size-default\">1.<\/h2>\t\t\t\t<\/div>\n\t\t\t\t<\/div>\n\t\t\t\t<div class=\"elementor-element elementor-element-9754585 elementor-widget elementor-widget-heading\" data-id=\"9754585\" data-element_type=\"widget\" data-widget_type=\"heading.default\">\n\t\t\t\t<div class=\"elementor-widget-container\">\n\t\t\t\t\t<h2 class=\"elementor-heading-title elementor-size-default\">German Economic Team \"ECONOMIC MONITOR KOSOVO\"<\/h2>\t\t\t\t<\/div>\n\t\t\t\t<\/div>\n\t\t\t\t<div class=\"elementor-element elementor-element-3266926 elementor-widget elementor-widget-button\" data-id=\"3266926\" data-element_type=\"widget\" data-widget_type=\"button.default\">\n\t\t\t\t<div class=\"elementor-widget-container\">\n\t\t\t\t\t\t\t\t\t<div class=\"elementor-button-wrapper\">\n\t\t\t\t\t<a class=\"elementor-button elementor-button-link elementor-size-sm\" href=\"https:\/\/rexconsulting-ks.com\/wp-content\/uploads\/2022\/09\/German-Economic-Team_Economic-Monitor_pdf-1.pdf\">\n\t\t\t\t\t\t<span class=\"elementor-button-content-wrapper\">\n\t\t\t\t\t\t\t\t\t<span class=\"elementor-button-text\">See more<\/span>\n\t\t\t\t\t<\/span>\n\t\t\t\t\t<\/a>\n\t\t\t\t<\/div>\n\t\t\t\t\t\t\t\t<\/div>\n\t\t\t\t<\/div>\n\t\t\t\t\t<\/div>\n\t\t<\/div>\n\t\t\t\t<div class=\"elementor-column elementor-col-33 elementor-inner-column elementor-element elementor-element-2fb28cd\" data-id=\"2fb28cd\" data-element_type=\"column\">\n\t\t\t<div class=\"elementor-widget-wrap\">\n\t\t\t\t\t\t\t<\/div>\n\t\t<\/div>\n\t\t\t\t<div class=\"elementor-column elementor-col-33 elementor-inner-column elementor-element elementor-element-c68375e\" data-id=\"c68375e\" data-element_type=\"column\">\n\t\t\t<div class=\"elementor-widget-wrap\">\n\t\t\t\t\t\t\t<\/div>\n\t\t<\/div>\n\t\t\t\t\t<\/div>\n\t\t<\/section>\n\t\t\t\t\t<\/div>\n\t\t<\/div>\n\t\t\t\t\t<\/div>\n\t\t<\/section>\n\t\t\t\t<section class=\"elementor-section elementor-top-section elementor-element elementor-element-67cddcf elementor-section-boxed elementor-section-height-default elementor-section-height-default\" data-id=\"67cddcf\" data-element_type=\"section\">\n\t\t\t\t\t\t<div class=\"elementor-container elementor-column-gap-default\">\n\t\t\t\t\t<div class=\"elementor-column elementor-col-100 elementor-top-column elementor-element elementor-element-ba300e9\" data-id=\"ba300e9\" data-element_type=\"column\">\n\t\t\t<div class=\"elementor-widget-wrap elementor-element-populated\">\n\t\t\t\t\t\t<div class=\"elementor-element elementor-element-3dddefc elementor-widget elementor-widget-heading\" data-id=\"3dddefc\" data-element_type=\"widget\" data-widget_type=\"heading.default\">\n\t\t\t\t<div class=\"elementor-widget-container\">\n\t\t\t\t\t<h2 class=\"elementor-heading-title elementor-size-default\">Posts<\/h2>\t\t\t\t<\/div>\n\t\t\t\t<\/div>\n\t\t\t\t<div class=\"elementor-element elementor-element-f5fe14e elementor-grid-3 elementor-grid-tablet-2 elementor-grid-mobile-1 elementor-posts--thumbnail-top elementor-card-shadow-yes elementor-posts__hover-gradient elementor-widget elementor-widget-posts\" data-id=\"f5fe14e\" data-element_type=\"widget\" data-settings=\"{&quot;cards_columns&quot;:&quot;3&quot;,&quot;cards_columns_tablet&quot;:&quot;2&quot;,&quot;cards_columns_mobile&quot;:&quot;1&quot;,&quot;cards_row_gap&quot;:{&quot;unit&quot;:&quot;px&quot;,&quot;size&quot;:35,&quot;sizes&quot;:[]},&quot;cards_row_gap_tablet&quot;:{&quot;unit&quot;:&quot;px&quot;,&quot;size&quot;:&quot;&quot;,&quot;sizes&quot;:[]},&quot;cards_row_gap_mobile&quot;:{&quot;unit&quot;:&quot;px&quot;,&quot;size&quot;:&quot;&quot;,&quot;sizes&quot;:[]}}\" data-widget_type=\"posts.cards\">\n\t\t\t\t<div class=\"elementor-widget-container\">\n\t\t\t\t\t\t\t<div class=\"elementor-posts-container elementor-posts elementor-posts--skin-cards elementor-grid\">\n\t\t\t\t<article class=\"elementor-post elementor-grid-item post-3214 post type-post status-publish format-standard has-post-thumbnail hentry category-zhvillimi-i-politikave-dhe-qeverisja-ekonomike\">\n\t\t\t<div class=\"elementor-post__card\">\n\t\t\t\t<a class=\"elementor-post__thumbnail__link\" href=\"https:\/\/rexconsulting-ks.com\/en\/rex-consulting-group-is-now-sharing-its-expertise-in-the-region\/\" tabindex=\"-1\" ><div class=\"elementor-post__thumbnail\"><img fetchpriority=\"high\" decoding=\"async\" width=\"300\" height=\"300\" src=\"https:\/\/rexconsulting-ks.com\/wp-content\/uploads\/2023\/01\/242223214_103127505460183_6587998349233018597_n-300x300.png\" class=\"attachment-medium size-medium wp-image-3216\" alt=\"\" srcset=\"https:\/\/rexconsulting-ks.com\/wp-content\/uploads\/2023\/01\/242223214_103127505460183_6587998349233018597_n-300x300.png 300w, https:\/\/rexconsulting-ks.com\/wp-content\/uploads\/2023\/01\/242223214_103127505460183_6587998349233018597_n-150x150.png 150w, https:\/\/rexconsulting-ks.com\/wp-content\/uploads\/2023\/01\/242223214_103127505460183_6587998349233018597_n-12x12.png 12w, https:\/\/rexconsulting-ks.com\/wp-content\/uploads\/2023\/01\/242223214_103127505460183_6587998349233018597_n.png 555w\" sizes=\"(max-width: 300px) 100vw, 300px\" \/><\/div><\/a>\n\t\t\t\t<div class=\"elementor-post__text\">\n\t\t\t\t<h3 class=\"elementor-post__title\">\n\t\t\t<a href=\"https:\/\/rexconsulting-ks.com\/en\/rex-consulting-group-is-now-sharing-its-expertise-in-the-region\/\" >\n\t\t\t\tREX Consulting Group is now sharing it&#8217;s expertise in the region.\t\t\t<\/a>\n\t\t<\/h3>\n\t\t\t\t<div class=\"elementor-post__excerpt\">\n\t\t\t<p>The Center of Excellence in Finance (CEF) has engaged REX Consulting Group\u2019s senior economist, Alketa Bu\u00e7aj, as an external expert to design knowledge products for<\/p>\n\t\t<\/div>\n\t\t\n\t\t<a class=\"elementor-post__read-more\" href=\"https:\/\/rexconsulting-ks.com\/en\/rex-consulting-group-is-now-sharing-its-expertise-in-the-region\/\" aria-label=\"Read more about REX Consulting Group is now sharing it&#8217;s expertise in the region.\" tabindex=\"-1\" >\n\t\t\tRead more \u00bb\t\t<\/a>\n\n\t\t\t\t<\/div>\n\t\t\t\t\t<\/div>\n\t\t<\/article>\n\t\t\t\t<article class=\"elementor-post elementor-grid-item post-3175 post type-post status-publish format-standard has-post-thumbnail hentry category-zhvillimi-i-politikave-dhe-qeverisja-ekonomike\">\n\t\t\t<div class=\"elementor-post__card\">\n\t\t\t\t<a class=\"elementor-post__thumbnail__link\" href=\"https:\/\/rexconsulting-ks.com\/en\/rex-consulting-group-si-pjese-e-projektit-german-economic-team-get\/\" tabindex=\"-1\" ><div class=\"elementor-post__thumbnail\"><img decoding=\"async\" width=\"212\" height=\"300\" src=\"https:\/\/rexconsulting-ks.com\/wp-content\/uploads\/2022\/12\/Capture-212x300.jpg\" class=\"attachment-medium size-medium wp-image-3182\" alt=\"\" srcset=\"https:\/\/rexconsulting-ks.com\/wp-content\/uploads\/2022\/12\/Capture-212x300.jpg 212w, https:\/\/rexconsulting-ks.com\/wp-content\/uploads\/2022\/12\/Capture-725x1024.jpg 725w, https:\/\/rexconsulting-ks.com\/wp-content\/uploads\/2022\/12\/Capture-768x1085.jpg 768w, https:\/\/rexconsulting-ks.com\/wp-content\/uploads\/2022\/12\/Capture-8x12.jpg 8w, https:\/\/rexconsulting-ks.com\/wp-content\/uploads\/2022\/12\/Capture.jpg 797w\" sizes=\"(max-width: 212px) 100vw, 212px\" \/><\/div><\/a>\n\t\t\t\t<div class=\"elementor-post__text\">\n\t\t\t\t<h3 class=\"elementor-post__title\">\n\t\t\t<a href=\"https:\/\/rexconsulting-ks.com\/en\/rex-consulting-group-si-pjese-e-projektit-german-economic-team-get\/\" >\n\t\t\t\tREX Consulting Group as part of German Economic Team ( GET)\t\t\t<\/a>\n\t\t<\/h3>\n\t\t\t\t<div class=\"elementor-post__excerpt\">\n\t\t\t<p>REX Consulting Group as part of German Economic Team ( GET)  in cooperation with Berlin Economics and the Kosovo-German Chamber of Commerce launched<\/p>\n\t\t<\/div>\n\t\t\n\t\t<a class=\"elementor-post__read-more\" href=\"https:\/\/rexconsulting-ks.com\/en\/rex-consulting-group-si-pjese-e-projektit-german-economic-team-get\/\" aria-label=\"Read more about REX Consulting Group si pjes\u00eb e projektit German Economic Team (GET)\" tabindex=\"-1\" >\n\t\t\tRead more \u00bb\t\t<\/a>\n\n\t\t\t\t<\/div>\n\t\t\t\t\t<\/div>\n\t\t<\/article>\n\t\t\t\t<\/div>\n\t\t\n\t\t\t\t\t\t<\/div>\n\t\t\t\t<\/div>\n\t\t\t\t\t<\/div>\n\t\t<\/div>\n\t\t\t\t\t<\/div>\n\t\t<\/section>\n\t\t\t\t<\/div>","protected":false},"excerpt":{"rendered":"<p>Publikimet 1. German Economic Team &#8220;Monitori Ekonomik p\u00ebr Kosov\u00ebn&#8221; Shiko m\u00eb shum\u00eb Postimet<\/p>","protected":false},"author":1,"featured_media":0,"parent":0,"menu_order":0,"comment_status":"closed","ping_status":"closed","template":"","meta":{"footnotes":""},"class_list":["post-3085","page","type-page","status-publish","hentry"],"aioseo_notices":[],"_links":{"self":[{"href":"https:\/\/rexconsulting-ks.com\/en\/wp-json\/wp\/v2\/pages\/3085","targetHints":{"allow":["GET"]}}],"collection":[{"href":"https:\/\/rexconsulting-ks.com\/en\/wp-json\/wp\/v2\/pages"}],"about":[{"href":"https:\/\/rexconsulting-ks.com\/en\/wp-json\/wp\/v2\/types\/page"}],"author":[{"embeddable":true,"href":"https:\/\/rexconsulting-ks.com\/en\/wp-json\/wp\/v2\/users\/1"}],"replies":[{"embeddable":true,"href":"https:\/\/rexconsulting-ks.com\/en\/wp-json\/wp\/v2\/comments?post=3085"}],"version-history":[{"count":23,"href":"https:\/\/rexconsulting-ks.com\/en\/wp-json\/wp\/v2\/pages\/3085\/revisions"}],"predecessor-version":[{"id":3209,"href":"https:\/\/rexconsulting-ks.com\/en\/wp-json\/wp\/v2\/pages\/3085\/revisions\/3209"}],"wp:attachment":[{"href":"https:\/\/rexconsulting-ks.com\/en\/wp-json\/wp\/v2\/media?parent=3085"}],"curies":[{"name":"wp","href":"https:\/\/api.w.org\/{rel}","templated":true}]}}